{"id":295,"date":"2019-03-18T16:26:15","date_gmt":"2019-03-18T19:26:15","guid":{"rendered":"https:\/\/norterafting.com.ar\/web\/?page_id=295"},"modified":"2019-03-19T15:37:12","modified_gmt":"2019-03-19T18:37:12","slug":"itinerario","status":"publish","type":"page","link":"http:\/\/www.norterafting.com.ar\/web\/itinerario\/","title":{"rendered":"Itinerario"},"content":{"rendered":"<p>[et_pb_section bb_built=\u00bb1&#8243; specialty=\u00bboff\u00bb next_background_color=\u00bb#eef9ff\u00bb _builder_version=\u00bb3.21&#8243; background_image=\u00bbhttps:\/\/norterafting.com.ar\/web\/wp-content\/uploads\/2019\/03\/002.jpg\u00bb background_position=\u00bbcenter_left\u00bb][et_pb_row][et_pb_column type=\u00bb4_4&#8243;][et_pb_text _builder_version=\u00bb3.21&#8243; text_font_size=\u00bb16px\u00bb text_line_height=\u00bb2em\u00bb header_font=\u00bbRubik|500|||||||\u00bb header_font_size=\u00bb52px\u00bb header_font_size_tablet=\u00bb42px\u00bb header_font_size_phone=\u00bb32px\u00bb header_font_size_last_edited=\u00bbon|desktop\u00bb header_line_height=\u00bb1.2em\u00bb]<\/p>\n<p>&nbsp;<\/p>\n<p>&nbsp;<\/p>\n<p>&nbsp;<\/p>\n<p>[\/et_pb_text][et_pb_text _builder_version=\u00bb3.21&#8243; text_font_size=\u00bb16px\u00bb text_line_height=\u00bb2em\u00bb header_font=\u00bbRubik|500|||||||\u00bb header_font_size=\u00bb52px\u00bb header_font_size_tablet=\u00bb42px\u00bb header_font_size_phone=\u00bb32px\u00bb header_font_size_last_edited=\u00bbon|desktop\u00bb header_line_height=\u00bb1.2em\u00bb]<\/p>\n<p>&nbsp;<\/p>\n<p>&nbsp;<\/p>\n<p>&nbsp;<\/p>\n<p>[\/et_pb_text][\/et_pb_column][\/et_pb_row][\/et_pb_section][et_pb_section bb_built=\u00bb1&#8243; admin_label=\u00bbHeader\u00bb specialty=\u00bbon\u00bb _builder_version=\u00bb3.21&#8243; background_color=\u00bb#eef9ff\u00bb use_background_color_gradient=\u00bbon\u00bb background_color_gradient_start=\u00bb#ffffff\u00bb background_color_gradient_end=\u00bb#d8edff\u00bb background_image=\u00bbhttps:\/\/norterafting.com.ar\/web\/wp-content\/uploads\/2019\/03\/hosting-company-01.png\u00bb background_size=\u00bbcontain\u00bb background_position=\u00bbbottom_center\u00bb custom_padding=\u00bb26px|0px|54px|0px|false|false\u00bb animation_direction=\u00bbtop\u00bb next_background_color=\u00bb#ffffff\u00bb prev_background_color=\u00bb#ffffff\u00bb][et_pb_column type=\u00bb1_2&#8243;][et_pb_text _builder_version=\u00bb3.21&#8243; text_font_size=\u00bb16px\u00bb text_line_height=\u00bb2em\u00bb header_font=\u00bbRubik|500|||||||\u00bb header_font_size=\u00bb52px\u00bb header_font_size_tablet=\u00bb42px\u00bb header_font_size_phone=\u00bb32px\u00bb header_font_size_last_edited=\u00bbon|desktop\u00bb header_line_height=\u00bb1.2em\u00bb]<\/p>\n<h2><span style=\"font-size: xx-large;\"><strong>Itinerario<\/strong><\/span><\/h2>\n<p>&#8211; Salida desde el hotel de la ciudad de Salta: 8:30 hs.<br \/>&#8211; Viaje hacia el Sur por ruta 68 pasando por las localidades de Cerrillos, La Merced, El Carril y Coronel Moldes. All\u00ed se toma la ruta 47 hacia el Este para recorrer el Dique Cabra Corral.<br \/>&#8211; Llegada al Camping Guanaquitos a las 10 Hs. (lugar de encuentro para los que van sin transfer).<br \/>&#8211; Salida del camping a las 10:30 Hs. rumbo al ca\u00f1\u00f3n del R\u00edo Juramento.<br \/>&#8211; Llegada al Ca\u00f1\u00f3n (lugar de inicio del Rafting) a las 11 Hs.<br \/>&#8211; En el lugar de largada, se realiza una charla instructiva y se entrega el equipo correspondiente.<br \/>&#8211; Comienzo del Rafting a las 11:30 Hs.<br \/>&#8211; Duraci\u00f3n del descenso: Dos horas aproximadamente, pasando por 10 r\u00e1pidos grado de dificultad II y III.<br \/>&#8211; Llegada del Rafting a la 13:30 Hs., comenzamos el regreso al camping.<br \/>&#8211; Almuerzo: Los que toman la opci\u00f3n de asado o pejerrey lo hacen en el restaurante del puente en el mismo Dique.<br \/>&#8211; Llegada a Salta, aproximadamente a las 17:30 hs.<\/p>\n<p>[\/et_pb_text][\/et_pb_column][et_pb_column type=\u00bb1_2&#8243; specialty_columns=\u00bb2&#8243;][et_pb_row_inner custom_padding=\u00bb27px|20px|27px|20px\u00bb _builder_version=\u00bb3.21&#8243; background_color=\u00bb#ffffff\u00bb border_radii=\u00bbon|24px|24px|24px|24px\u00bb box_shadow_style=\u00bbpreset1&#8243; box_shadow_vertical=\u00bb80px\u00bb box_shadow_blur=\u00bb80px\u00bb box_shadow_color=\u00bbrgba(0,0,0,0.06)\u00bb animation_style=\u00bbzoom\u00bb animation_intensity_zoom=\u00bb20%\u00bb][et_pb_column_inner type=\u00bb4_4&#8243; saved_specialty_column_type=\u00bb1_2&#8243;][et_pb_code _builder_version=\u00bb3.21&#8243;]<iframe loading=\"lazy\" src=\"https:\/\/www.google.com\/maps\/embed?pb=!1m10!1m8!1m3!1d327129.1996024008!2d-65.45262571076917!3d-25.05820156024409!3m2!1i1024!2i768!4f13.1!5e0!3m2!1ses-419!2sar!4v1552939657079\" width=\"100%\" height=\"650\" frameborder=\"0\" style=\"border:0\" allowfullscreen><\/iframe>[\/et_pb_code][\/et_pb_column_inner][\/et_pb_row_inner][\/et_pb_column][\/et_pb_section][et_pb_section bb_built=\u00bb1&#8243; admin_label=\u00bbSupport\u00bb _builder_version=\u00bb3.12.1&#8243; prev_background_color=\u00bb#eef9ff\u00bb next_background_color=\u00bb#000000&#8243;][et_pb_row][et_pb_column type=\u00bb4_4&#8243;][et_pb_text _builder_version=\u00bb3.21&#8243; text_font_size=\u00bb16px\u00bb text_line_height=\u00bb2em\u00bb header_font_size=\u00bb24px\u00bb header_2_font=\u00bbRubik|500||on|||||\u00bb header_2_text_color=\u00bb#ff8f00&#8243; header_2_font_size=\u00bb14px\u00bb header_2_font_size_tablet=\u00bb42px\u00bb header_2_font_size_phone=\u00bb32px\u00bb header_2_font_size_last_edited=\u00bboff|desktop\u00bb header_2_letter_spacing=\u00bb1px\u00bb header_2_line_height=\u00bb1.5em\u00bb header_3_font=\u00bbRubik|500|||||||\u00bb header_3_font_size=\u00bb38px\u00bb header_3_font_size_tablet=\u00bb28px\u00bb header_3_font_size_phone=\u00bb20px\u00bb header_3_font_size_last_edited=\u00bbon|phone\u00bb header_3_line_height=\u00bb1.4em\u00bb max_width=\u00bb700px\u00bb module_alignment=\u00bbcenter\u00bb locked=\u00bboff\u00bb text_orientation=\u00bbcenter\u00bb]<\/p>\n<h3><span style=\"font-size: xx-large;\">Nuestro lugar<\/span><\/h3>\n<p>[\/et_pb_text][et_pb_toggle title=\u00bbCa\u00f1\u00f3n del R\u00edo Juramento\u00bb open_toggle_background_color=\u00bbrgba(0,0,0,0)\u00bb closed_toggle_background_color=\u00bbrgba(0,0,0,0)\u00bb _builder_version=\u00bb3.21&#8243; title_font=\u00bbRubik||||||||\u00bb title_line_height=\u00bb1.6em\u00bb body_text_color=\u00bbrgba(0,0,0,0.6)\u00bb body_font_size=\u00bb16px\u00bb body_line_height=\u00bb2em\u00bb border_width_all=\u00bb0px\u00bb border_color_all=\u00bbrgba(51,51,51,0.06)\u00bb border_width_bottom=\u00bb1px\u00bb border_color_bottom=\u00bbrgba(0,0,0,0.1)\u00bb custom_margin=\u00bb||0px|\u00bb custom_padding=\u00bb|0px||0px||true\u00bb]<\/p>\n<p>El r\u00edo Juramento corta la \u201ccarne\u201d rocosa de la sierra que divide los valles de Lerma y Siancas , dejando una policroma variedad de terrenos. Dicha sierra est\u00e1 constituida por un conjunto de rocas que pertenecen en su mayor\u00eda al periodo Cret\u00e1cico de la era Mesozoica.<\/p>\n<p>[\/et_pb_toggle][et_pb_toggle title=\u00bbHuellas de Dinosaurios \u00bb open_toggle_background_color=\u00bbrgba(0,0,0,0)\u00bb closed_toggle_background_color=\u00bbrgba(0,0,0,0)\u00bb _builder_version=\u00bb3.21&#8243; title_font=\u00bbRubik||||||||\u00bb title_line_height=\u00bb1.6em\u00bb body_text_color=\u00bbrgba(0,0,0,0.6)\u00bb body_font_size=\u00bb16px\u00bb body_line_height=\u00bb2em\u00bb border_width_all=\u00bb0px\u00bb border_color_all=\u00bbrgba(51,51,51,0.06)\u00bb border_width_bottom=\u00bb1px\u00bb border_color_bottom=\u00bbrgba(0,0,0,0.1)\u00bb custom_margin=\u00bb||0px|\u00bb custom_padding=\u00bb|0px||0px||true\u00bb locked=\u00bboff\u00bb]<\/p>\n<p>Entre ellas se destacan rocas de color rojo intenso, las cuales son arenas cementadas por \u00f3xido de hierro y constituyen el coraz\u00f3n de la sierra. Sobre ellas contin\u00faan unas areniscas blancas y por encima de estas, las calizas amarillas de la Formaci\u00f3n Yacoraite.<br \/>Afloran a lo largo del r\u00edo en magnificas paredes verticales que alcanzan gran altura. Forman parte de una antigua playa cret\u00e1cica que exhibe un bell\u00edsimo oleaje f\u00f3sil y las afamadas huellas de dinosaurios. Luego se presentan las rocas verdes, margas, las que le dan el nombre a las \u201cPe\u00f1as Azules\u201d. Todas estas rocas se formaron unos 65 millones de a\u00f1os atr\u00e1s entre las eras Mesozoica y Cenozoica, pr\u00e1cticamente a nivel del mar.<\/p>\n<p>[\/et_pb_toggle][et_pb_toggle title=\u00bbR\u00edo Juramento el m\u00e1s largo\u00bb open_toggle_background_color=\u00bbrgba(0,0,0,0)\u00bb closed_toggle_background_color=\u00bbrgba(0,0,0,0)\u00bb _builder_version=\u00bb3.21&#8243; title_font=\u00bbRubik||||||||\u00bb title_line_height=\u00bb1.6em\u00bb body_text_color=\u00bbrgba(0,0,0,0.6)\u00bb body_font_size=\u00bb16px\u00bb body_line_height=\u00bb2em\u00bb border_width_all=\u00bb0px\u00bb border_color_all=\u00bbrgba(51,51,51,0.06)\u00bb border_width_bottom=\u00bb1px\u00bb border_color_bottom=\u00bbrgba(0,0,0,0.1)\u00bb custom_margin=\u00bb||0px|\u00bb custom_padding=\u00bb|0px||0px||true\u00bb locked=\u00bboff\u00bb]<\/p>\n<p>\nCon la orogenia andina, las rocas fueron plegadas, falladas y empujadas como un bloque tect\u00f3nico. El R\u00edo Juramento comenz\u00f3 un trabajo erosivo cortando profundamente la epidermis de la sierra y alcanzo el valle de Lerma vaciando el lago que all\u00ed se encontraba.<br \/>Posteriormente capturo a los r\u00edos Guachipas y Calchaqu\u00ed, dando lugar al r\u00edo m\u00e1s largo que corre \u00edntegramente en el territorio argentino. El R\u00edo Juramento nace en el cerro Acay , al penetrar en la provincia de Santiago del Estero se lo denomina Salado ; por ultimo desemboca en el r\u00edo Paran\u00e1 con el nombre de Salado. Este r\u00edo debe su nombre al hecho de que sus aguas vieran por primera vez el Juramento de fidelidad a la Bandera Nacional en 1813, por parte de los soldados de la patria y tomado por el mismo Gral. Manuel Belgrano.<br \/>Texto extraido del Libro del Doctor Ricardo Alonso<\/p>\n<p>[\/et_pb_toggle][\/et_pb_column][\/et_pb_row][\/et_pb_section][et_pb_section bb_built=\u00bb1&#8243; admin_label=\u00bbFooter\u00bb _builder_version=\u00bb3.12.1&#8243; use_background_color_gradient=\u00bbon\u00bb background_color_gradient_start=\u00bb#46b3ff\u00bb background_color_gradient_end=\u00bb#0752fe\u00bb background_color_gradient_direction=\u00bb237deg\u00bb background_image=\u00bbhttps:\/\/norterafting.com.ar\/web\/wp-content\/uploads\/2019\/03\/hosting-company-11.png\u00bb background_size=\u00bbcontain\u00bb background_position=\u00bbtop_center\u00bb custom_padding=\u00bb20vw||0||false|false\u00bb animation_style=\u00bbslide\u00bb animation_direction=\u00bbtop\u00bb animation_intensity_slide=\u00bb5%\u00bb prev_background_color=\u00bb#ffffff\u00bb][et_pb_row custom_padding=\u00bb27px|0px|43px|0px|false|false\u00bb _builder_version=\u00bb3.12.1&#8243;][et_pb_column type=\u00bb4_4&#8243;][et_pb_text _builder_version=\u00bb3.21&#8243; text_font=\u00bb||||||||\u00bb text_font_size=\u00bb16px\u00bb text_line_height=\u00bb2em\u00bb text_text_shadow_style=\u00bbpreset1&#8243; text_text_shadow_blur_strength=\u00bb2em\u00bb header_2_font=\u00bbRubik|500|||||||\u00bb header_2_font_size=\u00bb52px\u00bb header_2_font_size_tablet=\u00bb42px\u00bb header_2_font_size_phone=\u00bb32px\u00bb header_2_font_size_last_edited=\u00bbon|desktop\u00bb header_2_line_height=\u00bb1.2em\u00bb text_orientation=\u00bbcenter\u00bb background_layout=\u00bbdark\u00bb max_width=\u00bb700px\u00bb module_alignment=\u00bbcenter\u00bb locked=\u00bboff\u00bb]<\/p>\n<h2>Tel.: +54 9 387 6830555<\/h2>\n<p>Ahora nos podes contactar directamente a nuestro WhatsApp\u00a0<\/p>\n<p>[\/et_pb_text][et_pb_button button_text=\u00bbWHATSAPP\u00bb button_alignment=\u00bbcenter\u00bb _builder_version=\u00bb3.21&#8243; custom_button=\u00bbon\u00bb button_text_size=\u00bb18px\u00bb button_text_color=\u00bb#ffffff\u00bb button_bg_color=\u00bb#263547&#8243; button_bg_use_color_gradient=\u00bbon\u00bb button_bg_color_gradient_start=\u00bb#62f87a\u00bb button_bg_color_gradient_end=\u00bb#16ae32&#8243; button_border_width=\u00bb0px\u00bb button_border_color=\u00bbrgba(0,0,0,0)\u00bb button_border_radius=\u00bb5px\u00bb button_letter_spacing=\u00bb1px\u00bb button_font=\u00bbRubik|||on|||||\u00bb button_use_icon=\u00bboff\u00bb box_shadow_style=\u00bbpreset1&#8243; box_shadow_vertical=\u00bb20px\u00bb box_shadow_blur=\u00bb30px\u00bb box_shadow_color=\u00bbrgba(0,0,0,0.2)\u00bb background_layout=\u00bbdark\u00bb custom_padding=\u00bb14px|38px|14px|38px|true|true\u00bb button_letter_spacing_hover=\u00bb1px\u00bb locked=\u00bboff\u00bb button_text_size__hover_enabled=\u00bboff\u00bb button_text_size__hover=\u00bbnull\u00bb button_one_text_size__hover_enabled=\u00bboff\u00bb button_one_text_size__hover=\u00bbnull\u00bb button_two_text_size__hover_enabled=\u00bboff\u00bb button_two_text_size__hover=\u00bbnull\u00bb button_text_color__hover_enabled=\u00bboff\u00bb button_text_color__hover=\u00bbnull\u00bb button_one_text_color__hover_enabled=\u00bboff\u00bb button_one_text_color__hover=\u00bbnull\u00bb button_two_text_color__hover_enabled=\u00bboff\u00bb button_two_text_color__hover=\u00bbnull\u00bb button_border_width__hover_enabled=\u00bboff\u00bb button_border_width__hover=\u00bbnull\u00bb button_one_border_width__hover_enabled=\u00bboff\u00bb button_one_border_width__hover=\u00bbnull\u00bb button_two_border_width__hover_enabled=\u00bboff\u00bb button_two_border_width__hover=\u00bbnull\u00bb button_border_color__hover_enabled=\u00bboff\u00bb button_border_color__hover=\u00bbnull\u00bb button_one_border_color__hover_enabled=\u00bboff\u00bb button_one_border_color__hover=\u00bbnull\u00bb button_two_border_color__hover_enabled=\u00bboff\u00bb button_two_border_color__hover=\u00bbnull\u00bb button_border_radius__hover_enabled=\u00bboff\u00bb button_border_radius__hover=\u00bbnull\u00bb button_one_border_radius__hover_enabled=\u00bboff\u00bb button_one_border_radius__hover=\u00bbnull\u00bb button_two_border_radius__hover_enabled=\u00bboff\u00bb button_two_border_radius__hover=\u00bbnull\u00bb button_letter_spacing__hover_enabled=\u00bbon\u00bb button_letter_spacing__hover=\u00bb1px\u00bb button_one_letter_spacing__hover_enabled=\u00bboff\u00bb button_one_letter_spacing__hover=\u00bbnull\u00bb button_two_letter_spacing__hover_enabled=\u00bboff\u00bb button_two_letter_spacing__hover=\u00bbnull\u00bb button_bg_color__hover_enabled=\u00bboff\u00bb button_bg_color__hover=\u00bbnull\u00bb button_one_bg_color__hover_enabled=\u00bboff\u00bb button_one_bg_color__hover=\u00bbnull\u00bb button_two_bg_color__hover_enabled=\u00bboff\u00bb button_two_bg_color__hover=\u00bbnull\u00bb button_url=\u00bbhttps:\/\/api.whatsapp.com\/send?phone=5493876830555&amp;&amp;text=Consulta%20TodoWebSalta%20:%20&#8243;]<\/p>\n<p>[\/et_pb_button][et_pb_text _builder_version=\u00bb3.21&#8243; text_font_size=\u00bb16px\u00bb text_line_height=\u00bb2em\u00bb text_text_shadow_style=\u00bbpreset1&#8243; text_text_shadow_blur_strength=\u00bb2em\u00bb header_2_font=\u00bbRubik|500|||||||\u00bb header_2_font_size=\u00bb52px\u00bb header_2_font_size_tablet=\u00bb42px\u00bb header_2_font_size_phone=\u00bb32px\u00bb header_2_font_size_last_edited=\u00bbon|desktop\u00bb header_2_line_height=\u00bb1.2em\u00bb text_orientation=\u00bbcenter\u00bb background_layout=\u00bbdark\u00bb max_width=\u00bb700px\u00bb module_alignment=\u00bbcenter\u00bb]<\/p>\n<p>\nRuta 47 Km 18, Coronel Moldes, Salta Argentina<\/p>\n<p>[\/et_pb_text][\/et_pb_column][\/et_pb_row][\/et_pb_section]<\/p>\n","protected":false},"excerpt":{"rendered":"<p><div class=\"et_pb_row et_pb_row_0 et_pb_row_empty\">\n\t\t\t\t\n\t\t\t\t\n\t\t\t\t\n\t\t\t\t\n\t\t\t\t\n\t\t\t<\/div> &nbsp; &nbsp; &nbsp; &nbsp; &nbsp; &nbsp; Itinerario &#8211; Salida desde el hotel de la ciudad de Salta: 8:30 hs.- Viaje hacia el Sur por ruta 68 pasando por las localidades de Cerrillos, La Merced, El Carril y Coronel Moldes. All\u00ed se toma la ruta 47 hacia el Este para recorrer el Dique Cabra Corral.- [&hellip;]<\/p>\n","protected":false},"author":2,"featured_media":0,"parent":0,"menu_order":0,"comment_status":"closed","ping_status":"closed","template":"","meta":{"_et_pb_use_builder":"on","_et_pb_old_content":"","_et_gb_content_width":"","footnotes":""},"_links":{"self":[{"href":"http:\/\/www.norterafting.com.ar\/web\/wp-json\/wp\/v2\/pages\/295"}],"collection":[{"href":"http:\/\/www.norterafting.com.ar\/web\/wp-json\/wp\/v2\/pages"}],"about":[{"href":"http:\/\/www.norterafting.com.ar\/web\/wp-json\/wp\/v2\/types\/page"}],"author":[{"embeddable":true,"href":"http:\/\/www.norterafting.com.ar\/web\/wp-json\/wp\/v2\/users\/2"}],"replies":[{"embeddable":true,"href":"http:\/\/www.norterafting.com.ar\/web\/wp-json\/wp\/v2\/comments?post=295"}],"version-history":[{"count":0,"href":"http:\/\/www.norterafting.com.ar\/web\/wp-json\/wp\/v2\/pages\/295\/revisions"}],"wp:attachment":[{"href":"http:\/\/www.norterafting.com.ar\/web\/wp-json\/wp\/v2\/media?parent=295"}],"curies":[{"name":"wp","href":"https:\/\/api.w.org\/{rel}","templated":true}]}}